{"id":81,"date":"2021-05-09T17:06:43","date_gmt":"2021-05-09T17:06:43","guid":{"rendered":"http:\/\/chanomontes.com\/?page_id=17"},"modified":"2022-01-28T15:14:37","modified_gmt":"2022-01-28T13:14:37","slug":"aula-de-piano-y-armonia","status":"publish","type":"page","link":"http:\/\/chanomontes.com\/index.php\/aula-de-piano-y-armonia\/","title":{"rendered":"AULA"},"content":{"rendered":"\n<div class=\"wp-block-media-text alignwide is-stacked-on-mobile is-vertically-aligned-top\"><figure class=\"wp-block-media-text__media\"><img loading=\"lazy\" decoding=\"async\" width=\"283\" height=\"213\" src=\"http:\/\/chanomontes.com\/wp-content\/uploads\/2021\/05\/gonzalo.jpg\" alt=\"\" class=\"wp-image-28 size-full\"\/><\/figure><div class=\"wp-block-media-text__content\">\n<p class=\"has-text-color\" style=\"color:#024967;font-size:14px\"><strong>AULA DE INICIACION AL PIANO Y LA ARMONIA<\/strong><\/p>\n\n\n\n<p class=\"has-text-color\" style=\"color:#084864;font-size:12px\">Para quienes tienen esta asignatura pendiente en el plano de sus ilusiones.<br>Basado en su propio METODO EUROPEO PERSONALIZADO, las ense\u00f1anzas que imparte esta Aula se distinguen por las peculiaridades que la constituyen, basadas en una complicidad entre estudiante y maestro:<br>Aprender divirti\u00e9ndose y practicar m\u00fasica a trav\u00e9s de las composiciones musicales que el estudiante ha elegido .<br>Desde \u201cClaro de Luna\u201d, \u201cYesterday\u201d o &#8220;Summertime&#8221;, sobre la composici\u00f3n elegida el estudiante va descubriendo las notas, afinaci\u00f3n, piano y armonia por una via m\u00e1s amena y personalizada.<\/p>\n<\/div><\/div>\n\n\n\n<div class=\"wp-block-media-text alignwide is-stacked-on-mobile is-vertically-aligned-top\"><figure class=\"wp-block-media-text__media\"><img loading=\"lazy\" decoding=\"async\" width=\"379\" height=\"283\" src=\"http:\/\/chanomontes.com\/wp-content\/uploads\/2021\/05\/aula1.jpg\" alt=\"\" class=\"wp-image-37 size-full\" srcset=\"http:\/\/chanomontes.com\/wp-content\/uploads\/2021\/05\/aula1.jpg 379w, http:\/\/chanomontes.com\/wp-content\/uploads\/2021\/05\/aula1-300x224.jpg 300w\" sizes=\"(max-width: 379px) 100vw, 379px\" \/><\/figure><div class=\"wp-block-media-text__content\">\n<p class=\"has-text-color\" style=\"color:#084864;font-size:12px\">La personalizaci\u00f3n comienza abriendo un dossier en el que constan los objetivos del estudiante y sus condiciones por la m\u00fasica. Si toca de o\u00eddo, si no tiene conocimiento alguno, sus preferencias musicales, su tiempo disponible\u2026<br>Se establece el programa adecuado de clases individuales personalizadas con evaluaciones peri\u00f3dicas de seguimiento. Se organizan encuentros entre estudiantes para intercambiar experiencias, finalizando con una tradicional cena de m\u00fasicos.<\/p>\n<\/div><\/div>\n\n\n\n<div class=\"wp-block-media-text alignwide is-stacked-on-mobile is-vertically-aligned-top\"><figure class=\"wp-block-media-text__media\"><img loading=\"lazy\" decoding=\"async\" width=\"283\" height=\"213\" src=\"http:\/\/chanomontes.com\/wp-content\/uploads\/2021\/05\/rosa.jpg\" alt=\"\" class=\"wp-image-31 size-full\"\/><\/figure><div class=\"wp-block-media-text__content\">\n<p class=\"has-text-color\" style=\"color:#084864;font-size:12px\">Entre sus asistentes se cuenta una mayor\u00eda de ejecutivos de ambos sexos del campo inmobiliario, m\u00e9dico, comercial, hotelero, literario, audiovisual\u2026 sin limitaci\u00f3n de edad.<br>\u201cAmar la M\u00fasica es un don. \u00a1 Hazlo crecer !<br>Hacer m\u00fasica es un privilegio. \u00a1 Disfr\u00fatalo !&#8221;<\/p>\n<\/div><\/div>\n\n\n\n<hr class=\"wp-block-separator\"\/>\n\n\n\n<p class=\"has-text-color\" style=\"color:#084864;font-size:12px\"><br>Chano Montes<br>Para informaci\u00f3n , e-mail:<a href=\"mailto:chanomontes@yahoo.com\" target=\"_blank\" rel=\"noreferrer noopener\" title=\" info@chanomontes.com\"> info@chanomontes.com<\/a><br><\/p>\n\n\n\n<hr class=\"wp-block-separator is-style-wide\"\/>\n","protected":false},"excerpt":{"rendered":"<p>AULA DE INICIACION AL PIANO Y LA ARMONIA Para quienes tienen esta asignatura pendiente en el plano de sus ilusiones.Basado en su propio METODO EUROPEO PERSONALIZADO, las ense\u00f1anzas que imparte esta Aula se distinguen por las peculiaridades que la constituyen, basadas en una complicidad entre estudiante y maestro:Aprender divirti\u00e9ndose y practicar m\u00fasica a trav\u00e9s de &hellip; <\/p>\n<p class=\"link-more\"><a href=\"http:\/\/chanomontes.com\/index.php\/aula-de-piano-y-armonia\/\" class=\"more-link\">Continua llegint <span class=\"screen-reader-text\">\u00abAULA\u00bb<\/span><\/a><\/p>\n","protected":false},"author":1,"featured_media":0,"parent":0,"menu_order":0,"comment_status":"closed","ping_status":"closed","template":"","meta":{"om_disable_all_campaigns":false,"_monsterinsights_skip_tracking":false,"_monsterinsights_sitenote_active":false,"_monsterinsights_sitenote_note":"","_monsterinsights_sitenote_category":0,"footnotes":""},"aioseo_notices":[],"_links":{"self":[{"href":"http:\/\/chanomontes.com\/index.php\/wp-json\/wp\/v2\/pages\/81"}],"collection":[{"href":"http:\/\/chanomontes.com\/index.php\/wp-json\/wp\/v2\/pages"}],"about":[{"href":"http:\/\/chanomontes.com\/index.php\/wp-json\/wp\/v2\/types\/page"}],"author":[{"embeddable":true,"href":"http:\/\/chanomontes.com\/index.php\/wp-json\/wp\/v2\/users\/1"}],"replies":[{"embeddable":true,"href":"http:\/\/chanomontes.com\/index.php\/wp-json\/wp\/v2\/comments?post=81"}],"version-history":[{"count":1,"href":"http:\/\/chanomontes.com\/index.php\/wp-json\/wp\/v2\/pages\/81\/revisions"}],"predecessor-version":[{"id":111,"href":"http:\/\/chanomontes.com\/index.php\/wp-json\/wp\/v2\/pages\/81\/revisions\/111"}],"wp:attachment":[{"href":"http:\/\/chanomontes.com\/index.php\/wp-json\/wp\/v2\/media?parent=81"}],"curies":[{"name":"wp","href":"https:\/\/api.w.org\/{rel}","templated":true}]}}