{"id":82,"date":"2021-05-09T17:07:24","date_gmt":"2021-05-09T17:07:24","guid":{"rendered":"http:\/\/chanomontes.com\/?page_id=19"},"modified":"2021-05-09T17:07:24","modified_gmt":"2021-05-09T17:07:24","slug":"musica-sport","status":"publish","type":"page","link":"http:\/\/chanomontes.com\/index.php\/musica-sport\/","title":{"rendered":"M\u00fasical sport"},"content":{"rendered":"\n<p class=\"has-text-color\" style=\"color:#15678a;font-size:14px\">Productora de cantos deportivos de identidad, todos con m\u00fasica original de Chano Montes,  innovador en su g\u00e9nero por cuanto durante muchos a\u00f1os los clubes han tenido como himnos un tipo de cantos en los que han destacado las prepotencias (derrotar, vencer, somos los mejores) las provocaciones en ataque ( \u00a1 a por ellos !) y las expresiones insulsas (oe,oe,oe.)<\/p>\n\n\n\n<p class=\"has-text-color\" style=\"color:#15678a;font-size:14px\"><br>MUSICAL SPORT, con sus equipos literario y musical, se ha caracterizado por expresar en sus himnos los motivos que enorgullecen a sus clubes: su nombre, sus colores, sus ilusiones, su esp\u00edritu deportivo, la cantera que est\u00e1 creciendo, la poblaci\u00f3n que les acoge\u2026<br>Conceptos que en pocos a\u00f1os han motivado un alud de solicitudes, como refleja la extensa relaci\u00f3n de clubes que han estrenado y disfrutan los himnos realizados por MUSICAL SPORT, la primera productora de Espa\u00f1a en esta especialidad.<\/p>\n\n\n\n<figure class=\"wp-block-gallery columns-3 is-cropped wp-block-gallery-1 is-layout-flex wp-block-gallery-is-layout-flex\"><ul class=\"blocks-gallery-grid\"><li class=\"blocks-gallery-item\"><figure><a href=\"http:\/\/chanomontes.com\/wp-content\/uploads\/2021\/05\/cnsabadellFI.jpg\"><img loading=\"lazy\" decoding=\"async\" width=\"296\" height=\"300\" src=\"http:\/\/chanomontes.com\/wp-content\/uploads\/2021\/05\/cnsabadellFI-296x300.jpg\" alt=\"\" data-id=\"64\" data-full-url=\"http:\/\/chanomontes.com\/wp-content\/uploads\/2021\/05\/cnsabadellFI.jpg\" data-link=\"http:\/\/chanomontes.com\/musica-sport\/cnsabadellfi\/\" class=\"wp-image-64\" srcset=\"http:\/\/chanomontes.com\/wp-content\/uploads\/2021\/05\/cnsabadellFI-296x300.jpg 296w, http:\/\/chanomontes.com\/wp-content\/uploads\/2021\/05\/cnsabadellFI-100x100.jpg 100w, http:\/\/chanomontes.com\/wp-content\/uploads\/2021\/05\/cnsabadellFI.jpg 419w\" sizes=\"(max-width: 296px) 100vw, 296px\" \/><\/a><\/figure><\/li><li class=\"blocks-gallery-item\"><figure><a href=\"http:\/\/chanomontes.com\/wp-content\/uploads\/2021\/05\/himnejuveFI.jpg\"><img loading=\"lazy\" decoding=\"async\" width=\"232\" height=\"300\" src=\"http:\/\/chanomontes.com\/wp-content\/uploads\/2021\/05\/himnejuveFI-232x300.jpg\" alt=\"\" data-id=\"66\" data-full-url=\"http:\/\/chanomontes.com\/wp-content\/uploads\/2021\/05\/himnejuveFI.jpg\" data-link=\"http:\/\/chanomontes.com\/musica-sport\/himnejuvefi\/\" class=\"wp-image-66\" srcset=\"http:\/\/chanomontes.com\/wp-content\/uploads\/2021\/05\/himnejuveFI-232x300.jpg 232w, http:\/\/chanomontes.com\/wp-content\/uploads\/2021\/05\/himnejuveFI.jpg 351w\" sizes=\"(max-width: 232px) 100vw, 232px\" \/><\/a><\/figure><\/li><li class=\"blocks-gallery-item\"><figure><a href=\"http:\/\/chanomontes.com\/wp-content\/uploads\/2021\/05\/musical-sport-1FI.jpg\"><img loading=\"lazy\" decoding=\"async\" width=\"249\" height=\"300\" src=\"http:\/\/chanomontes.com\/wp-content\/uploads\/2021\/05\/musical-sport-1FI-249x300.jpg\" alt=\"\" data-id=\"67\" data-full-url=\"http:\/\/chanomontes.com\/wp-content\/uploads\/2021\/05\/musical-sport-1FI.jpg\" data-link=\"http:\/\/chanomontes.com\/musica-sport\/musical-sport-1fi\/\" class=\"wp-image-67\" srcset=\"http:\/\/chanomontes.com\/wp-content\/uploads\/2021\/05\/musical-sport-1FI-249x300.jpg 249w, http:\/\/chanomontes.com\/wp-content\/uploads\/2021\/05\/musical-sport-1FI.jpg 261w\" sizes=\"(max-width: 249px) 100vw, 249px\" \/><\/a><\/figure><\/li><li class=\"blocks-gallery-item\"><figure><a href=\"http:\/\/chanomontes.com\/wp-content\/uploads\/2021\/05\/musical-sport-2FI.jpg\"><img loading=\"lazy\" decoding=\"async\" width=\"230\" height=\"300\" src=\"http:\/\/chanomontes.com\/wp-content\/uploads\/2021\/05\/musical-sport-2FI-230x300.jpg\" alt=\"\" data-id=\"68\" data-full-url=\"http:\/\/chanomontes.com\/wp-content\/uploads\/2021\/05\/musical-sport-2FI.jpg\" data-link=\"http:\/\/chanomontes.com\/musica-sport\/musical-sport-2fi\/\" class=\"wp-image-68\" srcset=\"http:\/\/chanomontes.com\/wp-content\/uploads\/2021\/05\/musical-sport-2FI-230x300.jpg 230w, http:\/\/chanomontes.com\/wp-content\/uploads\/2021\/05\/musical-sport-2FI.jpg 340w\" sizes=\"(max-width: 230px) 100vw, 230px\" \/><\/a><\/figure><\/li><\/ul><\/figure>\n\n\n\n<ul class=\"has-text-color\" style=\"color:#004d6e;font-size:14px\"><li>Club Baloncesto Joventut de Badalona ( campe\u00f3n de Europa)<\/li><li>Club Nataci\u00f3n Sabadell ( campe\u00f3n de Espa\u00f1a y de Europa)<\/li><li>Sociedad Deportiva Portland de Pamplona( campe\u00f3n de Europa de balonmano)<\/li><li>Club Polideportivo Ejido, de Almer\u00eda ( f\u00fatbol)<\/li><li>Club Marino, de Luanco (Asturias)<\/li><li>Astur club de f\u00fatbol (Asturias)<\/li><li>Ribadesella Club de f\u00fatbol (Asturias)<\/li><li>Club baloncesto Vetusta (Asturias)<\/li><li>Club balonmano Naranco (Asturias)<\/li><li>Real Tit\u00e1nico de Laviana (Asturias) f\u00fatbol<\/li><li>Sociedad Deportiva Malia\u00f1o-Velarde, club de f\u00fatbol (Cantabria)<\/li><li>Uni\u00f3n Deportiva Atl\u00e9tico Gramenet (Santa Coloma- Barcelona) f\u00fatbol<\/li><li>Club Esportiu Laiet\u00e1 (Barcelona) introductor del baloncesto en Espa\u00f1a<\/li><li>Club Esportiu J\u00fapiter (Barcelona)<\/li><li>Club Esportiu Mercantil (Barcelona) escuela de f\u00fatbol<\/li><li>Uni\u00f3 de l&#8217; Esport Badalon\u00ed (Barcelona)<\/li><li>Agrupaci\u00f3 Esportiva Roses (Gerona)<\/li><li>Club Deportivo Meridiana-Torre Bar\u00f3 (Barcelona)<\/li><li>Club de f\u00fatbol San Juli\u00e1n, de Sabadell (Barcelona)<\/li><li>Club de f\u00fatbol Tordera (Barcelona)<\/li><li>Club de f\u00fatbol Palau de Plegamans (Barcelona)<\/li><li>Club de f\u00fatbol Singuerl\u00edn (Barcelona)<\/li><li>Joventut Esportiva de Asc\u00f3 (Tarragona)<\/li><li>Uni\u00f3n Esportiva Caprabo ( Barcelona)<\/li><li>Unificaci\u00f3 Esportiva Sant Ildefons (Barcelona)<\/li><li>Club OAR Ferrol (Galicia)<\/li><li>Club F\u00fatbol Gandesa (Tarragona)<\/li><li>Club Deportivo Manchego (Ciudad Real)<\/li><li>Club F\u00fatbol Levante-Las Planas (Barcelona)<\/li><li>Uni\u00f3 Esportiva Sant Pere i Sant Pau (Tarragona)<\/li><li>Club Esportiu Alondra (Barcelona)<\/li><li>Club F\u00fatbol Cardedeu (Barcelona)<\/li><li>Club Deportivo La Concordia (Barcelona)<\/li><li>Club Esportiu Premi\u00e0 de Mar (Barcelona)<\/li><li>F\u00fatbol Club Sant Mart\u00ed Condal (Barcelona)<\/li><li>F\u00fatbol Club Bonavista ( Tarragona)<\/li><li>F\u00fatbol Club Selva del Camp (Tarragona)<\/li><li>Uni\u00f3 Deportiva Torredembarra (Tarragona)<\/li><li>Club Esportiu G\u00e8nova (Palma de Mallorca)<\/li><li>Uni\u00f3 Esoportiva L&#8217; Estartit (Gerona)<\/li><li>Barcelona Basket Club Universitar<\/li><li>Club Esportiu Noia, hockey patines (Barcelona)<\/li><li>Uni\u00f3 Esportiva Tona (Barcelona)<\/li><li>Club Balonmano Montcada (Barcelona)<\/li><li>Club Esportiu Morell (Tarragona)<\/li><li>Club Esportiu Sant Celoni (Barcelona)<\/li><li>Uni\u00f3 Esportiva S\u00e0bat (Gerona)<\/li><li>Club De f\u00fatbol Santa Eulalia (Barcelona)<\/li><li>Club F\u00fatbol Alzamora (Barcelona)<\/li><li>Club F\u00fatbol Llagostera (Gerona)<\/li><li>Club F\u00fatbol Aro (Gerona)<\/li><li>Club F\u00fatbol Pallej\u00e0 (Barcelona)<\/li><\/ul>\n\n\n\n<p class=\"has-text-color\" style=\"color:#15678a;font-size:14px\"><br>MUSICAL SPORT cuenta con equipos de producci\u00f3n ( m\u00fasicos, voces y estudios de grabaci\u00f3n) en Catalu\u00f1a, Levante, Cantabria, Asturias, Navarra y Andaluc\u00eda para atender las solicitudes de las entidades que desean los cantos en su pronunciaci\u00f3n aut\u00f3ctona.<br>Como estad\u00edstica , los estrenos que han destacado por su singularidad han sido el del<br>CLUB NATACI\u00d3N SABADELL en su 85 aniversario, con desfilada de nadadores desde benjamines y el ballet de nataci\u00f3n sincronizada en piscina iluminada a los acordes del himno.<\/p>\n\n\n\n<p class=\"has-text-color\" style=\"color:#15678a;font-size:14px\"><br>CLUB ESPORTIU LAIET\u00c0 en su 75 aniversario, con la emotiva grabaci\u00f3n, posterior al estreno del himno, titulada &#8220;El Laiet\u00e0 nos habla&#8221;, la historia de la entidad desde su fundaci\u00f3n, narrada por &#8221; la propia voz del club&#8221; que los asistentes escucharon emotivamente.<\/p>\n\n\n\n<p class=\"has-text-color\" style=\"color:#15678a;font-size:14px\">CLUB JOVENTUT DE BADALONA cuando, reci\u00e9n conquistada la Copa de Europa,<br>Badalona se congreg\u00f3 para celebrar y corear su himno.<br><br>CLUB PORTLAND SAN ANTONIO que reuni\u00f3 diez mil aficionados en el Parque Antoniutti de Pamplona para celebrar su doble palmar\u00e9s europeo con festejos en los que el himno estuvo emotivamente presente bajo la presidencia de sus autoridades.<\/p>\n\n\n\n<hr class=\"wp-block-separator\"\/>\n\n\n\n<p class=\"has-text-color\" style=\"color:#15678a;font-size:14px\">Para informaci\u00f3n de clubes interesados , e-mail: chanomontes@yahoo.com<br>Procesos de encargo, grabaci\u00f3n de maqueta , audici\u00f3n del proyecto, grabaci\u00f3n definitiva y estreno. Rentabilidad y difusi\u00f3n de las copias.<br>Atenci\u00f3n autoral a los clubes, en los estrenos<br><br>Entrega del CUADRO CONMEMORATIVO al club, con la letra y m\u00fasica dedicadas por su autor para que presida las dependencias deportivas como recuerdo de la celebraci\u00f3n de su estreno.<br><\/p>\n\n\n\n<hr class=\"wp-block-separator\"\/>\n","protected":false},"excerpt":{"rendered":"<p>Productora de cantos deportivos de identidad, todos con m\u00fasica original de Chano Montes, innovador en su g\u00e9nero por cuanto durante muchos a\u00f1os los clubes han tenido como himnos un tipo de cantos en los que han destacado las prepotencias (derrotar, vencer, somos los mejores) las provocaciones en ataque ( \u00a1 a por ellos !) y &hellip; <\/p>\n<p class=\"link-more\"><a href=\"http:\/\/chanomontes.com\/index.php\/musica-sport\/\" class=\"more-link\">Continua llegint <span class=\"screen-reader-text\">\u00abM\u00fasical sport\u00bb<\/span><\/a><\/p>\n","protected":false},"author":1,"featured_media":62,"parent":0,"menu_order":0,"comment_status":"closed","ping_status":"closed","template":"","meta":{"om_disable_all_campaigns":false,"_monsterinsights_skip_tracking":false,"_monsterinsights_sitenote_active":false,"_monsterinsights_sitenote_note":"","_monsterinsights_sitenote_category":0,"footnotes":""},"aioseo_notices":[],"_links":{"self":[{"href":"http:\/\/chanomontes.com\/index.php\/wp-json\/wp\/v2\/pages\/82"}],"collection":[{"href":"http:\/\/chanomontes.com\/index.php\/wp-json\/wp\/v2\/pages"}],"about":[{"href":"http:\/\/chanomontes.com\/index.php\/wp-json\/wp\/v2\/types\/page"}],"author":[{"embeddable":true,"href":"http:\/\/chanomontes.com\/index.php\/wp-json\/wp\/v2\/users\/1"}],"replies":[{"embeddable":true,"href":"http:\/\/chanomontes.com\/index.php\/wp-json\/wp\/v2\/comments?post=82"}],"version-history":[{"count":0,"href":"http:\/\/chanomontes.com\/index.php\/wp-json\/wp\/v2\/pages\/82\/revisions"}],"wp:featuredmedia":[{"embeddable":true,"href":"http:\/\/chanomontes.com\/index.php\/wp-json\/wp\/v2\/media\/62"}],"wp:attachment":[{"href":"http:\/\/chanomontes.com\/index.php\/wp-json\/wp\/v2\/media?parent=82"}],"curies":[{"name":"wp","href":"https:\/\/api.w.org\/{rel}","templated":true}]}}