{"id":83,"date":"2021-05-09T17:07:51","date_gmt":"2021-05-09T17:07:51","guid":{"rendered":"http:\/\/chanomontes.com\/?page_id=21"},"modified":"2022-01-28T15:15:36","modified_gmt":"2022-01-28T13:15:36","slug":"musicultur","status":"publish","type":"page","link":"http:\/\/chanomontes.com\/index.php\/musicultur\/","title":{"rendered":"Musicultur"},"content":{"rendered":"\n<div class=\"wp-block-image\"><figure class=\"aligncenter size-large\"><img loading=\"lazy\" decoding=\"async\" width=\"439\" height=\"294\" src=\"http:\/\/chanomontes.com\/wp-content\/uploads\/2021\/05\/entrevista-en-tv-mexicoFI.jpg\" alt=\"\" class=\"wp-image-57\" srcset=\"http:\/\/chanomontes.com\/wp-content\/uploads\/2021\/05\/entrevista-en-tv-mexicoFI.jpg 439w, http:\/\/chanomontes.com\/wp-content\/uploads\/2021\/05\/entrevista-en-tv-mexicoFI-300x201.jpg 300w\" sizes=\"(max-width: 439px) 100vw, 439px\" \/><\/figure><\/div>\n\n\n\n<p class=\"has-text-color\" style=\"color:#005073;font-size:14px\">Desde esta secci\u00f3n, Chano Montes y sus equipos literarios y musicales crean cantos que singularizan las poblaciones que valoran tener sus propios cantos de identidad para disfrute en su Fiestas Mayores, verbenas, carnavales y otras celebraciones.<\/p>\n\n\n\n<p class=\"has-text-color\" style=\"color:#005073;font-size:14px\"><br>El canto de una poblaci\u00f3n refleja las caracter\u00edsticas que la distinguen y diferencian. Sus peculiaridades hist\u00f3ricas, culturales, tur\u00edsticas, an\u00e9cdoticas\u2026<br>Estos cantos se crean con estructura de \u201cpasacalles\u201d festivos difundidos a trav\u00e9s de grabaci\u00f3n o en directo por grupos de j\u00f3venes que recorren las calles el d\u00eda de la celebraci\u00f3n adem\u00e1s de su difusi\u00f3n por las emisoras locales en un ambiente de celebraci\u00f3n popular.<br><\/p>\n\n\n\n<p class=\"has-text-color\" style=\"color:#005073;font-size:14px\">Con las premisas \u201cquienes somos, de d\u00f3nde venimos y a d\u00f3nde vamos\u201d las primeras poblaciones en estrenar sus cantos de identidad han sido.<br>TORDERA, que ha destacado su orgullo por el r\u00edo que le d\u00e1 su nombre, por la Coral que la enaltece, los equipos deportivos que la representan, su mercado, sus fiestas\u2026<br>SANT FELIU DE GU\u00cdXOLS, enalteciendo su car\u00e1cter de \u201cganxons\u201d que califica su forma de amistad que \u201cengancha\u201d, su car\u00e1cter de gente marinera y del campo, su artesan\u00eda, sus ferias\u2026<br>LA BISBAL D\u00b4EMPORD\u00c0 con sus ceramistas y artesanos de la popular y visitada calle de l\u2019 Aig\u00fceta, su deporte y celebraciones\u2026<\/p>\n\n\n\n<p class=\"has-text-color\" style=\"color:#005073;font-size:14px\"><br>Para informaci\u00f3n, e-mail: <a href=\"mailto:chanomontes@yahoo.com\" target=\"_blank\" rel=\"noreferrer noopener\">info@chanomontes.com<\/a><br><\/p>\n\n\n\n<div class=\"wp-block-image\"><figure class=\"aligncenter size-large\"><img loading=\"lazy\" decoding=\"async\" width=\"512\" height=\"315\" src=\"http:\/\/chanomontes.com\/wp-content\/uploads\/2021\/05\/chano-plantant-arbreFI.jpg\" alt=\"\" class=\"wp-image-59\" srcset=\"http:\/\/chanomontes.com\/wp-content\/uploads\/2021\/05\/chano-plantant-arbreFI.jpg 512w, http:\/\/chanomontes.com\/wp-content\/uploads\/2021\/05\/chano-plantant-arbreFI-300x185.jpg 300w\" sizes=\"(max-width: 512px) 100vw, 512px\" \/><\/figure><\/div>\n\n\n\n<hr class=\"wp-block-separator is-style-wide\"\/>\n","protected":false},"excerpt":{"rendered":"<p>Desde esta secci\u00f3n, Chano Montes y sus equipos literarios y musicales crean cantos que singularizan las poblaciones que valoran tener sus propios cantos de identidad para disfrute en su Fiestas Mayores, verbenas, carnavales y otras celebraciones. El canto de una poblaci\u00f3n refleja las caracter\u00edsticas que la distinguen y diferencian. Sus peculiaridades hist\u00f3ricas, culturales, tur\u00edsticas, an\u00e9cdoticas\u2026Estos &hellip; <\/p>\n<p class=\"link-more\"><a href=\"http:\/\/chanomontes.com\/index.php\/musicultur\/\" class=\"more-link\">Continua llegint <span class=\"screen-reader-text\">\u00abMusicultur\u00bb<\/span><\/a><\/p>\n","protected":false},"author":1,"featured_media":90,"parent":0,"menu_order":0,"comment_status":"closed","ping_status":"closed","template":"","meta":{"om_disable_all_campaigns":false,"_monsterinsights_skip_tracking":false,"_monsterinsights_sitenote_active":false,"_monsterinsights_sitenote_note":"","_monsterinsights_sitenote_category":0,"footnotes":""},"aioseo_notices":[],"_links":{"self":[{"href":"http:\/\/chanomontes.com\/index.php\/wp-json\/wp\/v2\/pages\/83"}],"collection":[{"href":"http:\/\/chanomontes.com\/index.php\/wp-json\/wp\/v2\/pages"}],"about":[{"href":"http:\/\/chanomontes.com\/index.php\/wp-json\/wp\/v2\/types\/page"}],"author":[{"embeddable":true,"href":"http:\/\/chanomontes.com\/index.php\/wp-json\/wp\/v2\/users\/1"}],"replies":[{"embeddable":true,"href":"http:\/\/chanomontes.com\/index.php\/wp-json\/wp\/v2\/comments?post=83"}],"version-history":[{"count":1,"href":"http:\/\/chanomontes.com\/index.php\/wp-json\/wp\/v2\/pages\/83\/revisions"}],"predecessor-version":[{"id":112,"href":"http:\/\/chanomontes.com\/index.php\/wp-json\/wp\/v2\/pages\/83\/revisions\/112"}],"wp:featuredmedia":[{"embeddable":true,"href":"http:\/\/chanomontes.com\/index.php\/wp-json\/wp\/v2\/media\/90"}],"wp:attachment":[{"href":"http:\/\/chanomontes.com\/index.php\/wp-json\/wp\/v2\/media?parent=83"}],"curies":[{"name":"wp","href":"https:\/\/api.w.org\/{rel}","templated":true}]}}